{"id":54,"date":"2020-03-16T12:35:53","date_gmt":"2020-03-16T10:35:53","guid":{"rendered":"http:\/\/reformatus-zilah.com\/?page_id=54"},"modified":"2020-04-03T13:37:14","modified_gmt":"2020-04-03T11:37:14","slug":"cimlap","status":"publish","type":"page","link":"https:\/\/reformatus-zilah.com\/","title":{"rendered":""},"content":{"rendered":"<div align=\"justify\"><strong>Tisztelt Olvas\u00f3!<\/strong><br \/>\nA Zilahi Reform\u00e1tus Egyh\u00e1zmegy\u00e9t szeretn\u00e9nk megismertetni veled. Nem a teljess\u00e9g ig\u00e9ny\u00e9vel. Csup\u00e1n n\u00e9h\u00e1ny k\u00e9pet, sz\u00ednt, \u00edzt szeretn\u00e9nk felvillantani a hepehup\u00e1k k\u00f6zt \u00e9l\u0151 kereszty\u00e9nek t\u00f6bb\u00e9vsz\u00e1zados t\u00f6rt\u00e9nelm\u00e9b\u0151l \u00e9s jelen\u00e9b\u0151l.<\/p>\n<p>\u00dagy tudjuk, hogy a szil\u00e1gys\u00e1gi lelkip\u00e1sztorok is k\u00e9pviseltett\u00e9k magukat az 1567-es Debreceni zsinaton, ahol a II. Helv\u00e9t hitvall\u00e1st elfogadt\u00e1k \u00e9s megalakult a Magyar Reform\u00e1tus Egyh\u00e1z. Jelenleg is ez a hitvall\u00e1sunk a Heidelbergi K\u00e1t\u00e9val egyetemben.<\/p>\n<p>1821-ben a Szil\u00e1gyi traktus csatlakozik az Erd\u00e9lyi Egyh\u00e1zker\u00fclethez. Eddig a Tisz\u00e1nt\u00fali Egyh\u00e1zker\u00fclet r\u00e9sze. A Szil\u00e1gyszolnoki Egyh\u00e1zmegye az Erd\u00e9lyi Egyh\u00e1zker\u00fclet m\u00e1sodik legn\u00e9pesebb egyh\u00e1zmegy\u00e9je lett a G\u00f6rg\u00e9nyi Egyh\u00e1zmegye ut\u00e1n.<\/p>\n<p>1946-ban a Szil\u00e1gyszolnoki Egyh\u00e1zmegye n\u00e9gy r\u00e9szre oszlik: Zilahi, Szil\u00e1gycsehi, Szil\u00e1gysomly\u00f3i \u00e9s Tasn\u00e1di Egyh\u00e1zmegy\u00e9kre.<br \/>\n1951 \u00e1prilis 4.-\u00e9n az \u00e1lland\u00f3 zsinati tan\u00e1cs hat\u00e1roz a szil\u00e1gys\u00e1gi egyh\u00e1zmegy\u00e9k \u00e1tenged\u00e9s\u00e9r\u0151l a Kir\u00e1lyh\u00e1g\u00f3mell\u00e9ki (V\u00e1radi) Egyh\u00e1zker\u00fcletnek.<br \/>\n69 egyh\u00e1zk\u00f6zs\u00e9g ker\u00fcl \u00e1t ezzel a kir\u00e1lyh\u00e1g\u00f3mell\u00e9kre. 1965-ben a Ker\u00fcletnek nyolc egyh\u00e1zmegy\u00e9je van: Arad, Margitta, Nagyb\u00e1nya, Nagyk\u00e1roly, Nagyv\u00e1rad, Szil\u00e1gycseh, Szil\u00e1gysomly\u00f3 \u00e9s Temesv\u00e1r.<\/p>\n<p>1968 m\u00e1rcius 1-i hat\u00e1llyal az \u00faj \u00e1llamigazgat\u00e1si hat\u00e1rokhoz kellett igazodniuk az egyh\u00e1zmegy\u00e9knek. A k\u00e9t szil\u00e1gys\u00e1gi egyh\u00e1zmegye egyes\u00fcl \u00e9s Szil\u00e1gysomly\u00f3i Egyh\u00e1zmegye n\u00e9ven szerepel ezut\u00e1n.<br \/>\n1990 febru\u00e1r 23.-\u00e1n az egyh\u00e1zmegyei k\u00f6zgy\u0171l\u00e9s d\u00f6nt az egyh\u00e1zmegye feloszt\u00e1s\u00e1r\u00f3l, \u00e9s \u00edgy megalakul a ma is fenn\u00e1ll\u00f3 Zilahi \u00e9s Szil\u00e1gysomly\u00f3i Egyh\u00e1zmegye.<\/p>\n<p>Egyh\u00e1zmegy\u00e9nk h\u00e1rom nagyobb t\u00e1jegys\u00e9gre oszlik: Szamos-mente, T\u00f6vish\u00e1t (Szil\u00e1gy \u00e9s M\u00e1zsa patak mente) \u00e9s a Zilah patak mente. Jellegzetes vid\u00e9kek. Aki egyszer l\u00e1tta, nem felejti. Hepehup\u00e1s v\u00e9n Szil\u00e1gy\u2026<\/p>\n<p>A Zilahi Egyh\u00e1zmegy\u00e9hez 28 gy\u00fclekezet tartozik: B\u0151sh\u00e1za ( le\u00e1nyegyh\u00e1za Benedekfalva), D\u00e9sh\u00e1za, Di\u00f3sad, (Nagy)Doba (t\u00e1rsegyh\u00e1za Kisdoba), Egrespatak, H\u00eddalm\u00e1s, Kusaly, Magyargoroszl\u00f3, Magyarkecel, Meny\u0151, Mocsolya, Nagymon, Cig\u00e1nyi, Szil\u00e1gyballa, Szil\u00e1gycseh, Szil\u00e1gyerked, Szil\u00e1gyf\u0151kereszt\u00far, Szil\u00e1gyg\u00f6rcs\u00f6n (le\u00e1nyegyh\u00e1z Ny\u00edrsid), Szil\u00e1gypanit( sz\u00f3rv\u00e1ny B\u00e1don, Harakl\u00e1ny), Szil\u00e1gys\u00e1mson, Szil\u00e1gyszeg, Szil\u00e1gyszentkir\u00e1ly, V\u00e9rv\u00f6lgy, V\u00f6lcs\u00f6k, Zilah Belv\u00e1ros, Zilah Fenyves, Zilah Liget (le\u00e1nyegyh\u00e1z Micepataka), Zsib\u00f3 (le\u00e1nyegyh\u00e1z Szamosudvarhely). Egyh\u00e1zmegy\u00e9nk l\u00e9leksz\u00e1ma: 19609.<\/p>\n<p>Sajn\u00e1latos m\u00f3don gy\u00fclekezeteinkre (ebbe bele\u00e9rtend\u0151 az \u00f6t v\u00e1rosi gy\u00fclekezet is) a l\u00e9tsz\u00e1mapad\u00e1s a jellemz\u0151, mely t\u00f6bb okra vezethet\u0151 vissza. \u00cdgy jutottunk oda, hogy n\u00e9h\u00e1ny gy\u00fclekezet a kihal\u00e1s sz\u00e9l\u00e9re ker\u00fclt. Van k\u00e9t olyan egykori gy\u00fclekezet, melyekb\u0151l k\u0151 k\u00f6v\u00f6n nem maradt: \u00d6rd\u00f6gk\u00fat \u00e9s V\u00e1rmez\u0151.<\/p>\n<p>Mindez azonban csak horizont\u00e1lis (f\u00f6ldi) vet\u00fclete annak a hitnek, amely a megv\u00e1lt\u00f3 \u00dar J\u00e9zus Krisztusra n\u00e9z. Igaz, az \u00cdr\u00e1s szerint az az \u00e9l\u0151 hit, amely testt\u00e9, cselekedett\u00e9 v\u00e1lik (Jak. 2,14.26). Adott esteben kicsi feh\u00e9r, robosztus torny\u00fa templomm\u00e1. M\u00e1skor szemet gy\u00f6ny\u00f6rk\u00f6dtet\u0151 cifra g\u00f3tikus faragv\u00e1nny\u00e1, amit Isten tudja honnan j\u00f6tt mester faragott. Egy\u00e9b helyen pedig kehelly\u00e9, \u00farasztal\u00e1ra val\u00f3 sz\u0151ttess\u00e9, vagy cifra, de \u00edzl\u00e9ses \u00e9s m\u00e9rt\u00e9ktart\u00f3, \u00farih\u00edmz\u00e9ses patyolatt\u00e1. Vagy zeng\u0151 harangg\u00e1. Ez a f\u00f6ldi lelt\u00e1r.<\/p>\n<p>De ki tudn\u00e1 itt a fold\u00f6n feljegyezni az im\u00e1kat, amelyek elhangzottak, amikor szorongatott a t\u00f6r\u00f6k, a tat\u00e1r, a vallon, vagy az uras\u00e1g sarcolt. Ki tudn\u00e1 feljegyezni a hitb\u0151l j\u00f6v\u0151 \u00e1ldozatot: szeg\u00e9ny fel\u00e9, testv\u00e9r fel\u00e9, \u00e1rva fel\u00e9, v\u00e1ndor fel\u00e9\u2026? Azt amikor egy-egy ember lett a L\u00e9lek templom\u00e1v\u00e1? KI? Csak az, aki \u2019\u2019hajl\u00e9kunk volt, nemzed\u00e9kr\u0151l nemzed\u00e9kre.\u2019\u2019 Az \u00e9l\u0151 Isten.<\/p>\n<p><strong>Kedves olvas\u00f3!<\/strong><br \/>\nEzt az apostolok\u00e9hoz hasonl\u00f3 dr\u00e1ga hitet (2.P\u00e9ter 1,1) szeretn\u00e9nk t\u00e1mogatni, er\u0151s\u00edteni, illetve el\u0151seg\u00edteni ezen a m\u00f3don is. H\u00e1ztet\u0151kr\u0151l h\u00edrdetj\u00fck: J\u00e9zus Krisztus az \u00dar az Atya Isten dics\u0151s\u00e9g\u00e9re! (Fil.2,11)<br \/>\nSoha ne feledj\u00fck: az Anyaszentegyh\u00e1z \u00e9l\u0151 tagokb\u00f3l \u00e1ll, lelki k\u00f6vekb\u0151l \u00e9p\u00fcl fel, de val\u00f3s\u00e1gos \u00e9s megtapasztalhat\u00f3, ott ahol ketten vagy h\u00e1rman \u00f6sszegy\u0171lnek az \u00dar J\u00e9zus Krisztus nev\u00e9ben!<\/p>\n<\/div>\n","protected":false},"excerpt":{"rendered":"<p>Tisztelt Olvas\u00f3! A Zilahi Reform\u00e1tus Egyh\u00e1zmegy\u00e9t szeretn\u00e9nk megismertetni veled. Nem a teljess\u00e9g ig\u00e9ny\u00e9vel. Csup\u00e1n n\u00e9h\u00e1ny k\u00e9pet, sz\u00ednt, \u00edzt szeretn\u00e9nk felvillantani a hepehup\u00e1k k\u00f6zt \u00e9l\u0151 kereszty\u00e9nek t\u00f6bb\u00e9vsz\u00e1zados t\u00f6rt\u00e9nelm\u00e9b\u0151l \u00e9s jelen\u00e9b\u0151l. \u00dagy tudjuk, hogy a szil\u00e1gys\u00e1gi lelkip\u00e1sztorok is k\u00e9pviseltett\u00e9k magukat az 1567-es Debreceni zsinaton, ahol a II. Helv\u00e9t hitvall\u00e1st elfogadt\u00e1k \u00e9s megalakult a Magyar Reform\u00e1tus Egyh\u00e1z. Jelenleg [&hellip;]<\/p>\n","protected":false},"author":1,"featured_media":0,"parent":0,"menu_order":0,"comment_status":"closed","ping_status":"closed","template":"","meta":[],"_links":{"self":[{"href":"https:\/\/reformatus-zilah.com\/index.php\/wp-json\/wp\/v2\/pages\/54"}],"collection":[{"href":"https:\/\/reformatus-zilah.com\/index.php\/wp-json\/wp\/v2\/pages"}],"about":[{"href":"https:\/\/reformatus-zilah.com\/index.php\/wp-json\/wp\/v2\/types\/page"}],"author":[{"embeddable":true,"href":"https:\/\/reformatus-zilah.com\/index.php\/wp-json\/wp\/v2\/users\/1"}],"replies":[{"embeddable":true,"href":"https:\/\/reformatus-zilah.com\/index.php\/wp-json\/wp\/v2\/comments?post=54"}],"version-history":[{"count":16,"href":"https:\/\/reformatus-zilah.com\/index.php\/wp-json\/wp\/v2\/pages\/54\/revisions"}],"predecessor-version":[{"id":172,"href":"https:\/\/reformatus-zilah.com\/index.php\/wp-json\/wp\/v2\/pages\/54\/revisions\/172"}],"wp:attachment":[{"href":"https:\/\/reformatus-zilah.com\/index.php\/wp-json\/wp\/v2\/media?parent=54"}],"curies":[{"name":"wp","href":"https:\/\/api.w.org\/{rel}","templated":true}]}}